{"id":1413,"date":"2023-05-10T11:55:57","date_gmt":"2023-05-10T16:55:57","guid":{"rendered":"https:\/\/ifachkraefte.com\/impressum\/"},"modified":"2023-11-14T11:28:17","modified_gmt":"2023-11-14T16:28:17","slug":"informacion-legal","status":"publish","type":"page","link":"https:\/\/ifachkraefte.com\/de\/informacion-legal\/","title":{"rendered":"Impressum"},"content":{"rendered":"\t\t<div data-elementor-type=\"wp-page\" data-elementor-id=\"1413\" class=\"elementor elementor-1413 elementor-898\" data-elementor-post-type=\"page\">\n\t\t\t\t\t\t<section class=\"elementor-section elementor-top-section elementor-element elementor-element-b826c0d elementor-section-boxed elementor-section-height-default elementor-section-height-default\" data-id=\"b826c0d\" data-element_type=\"section\" data-e-type=\"section\">\n\t\t\t\t\t\t<div class=\"elementor-container elementor-column-gap-default\">\n\t\t\t\t\t<div class=\"elementor-column elementor-col-100 elementor-top-column elementor-element elementor-element-5edf984\" data-id=\"5edf984\" data-element_type=\"column\" data-e-type=\"column\">\n\t\t\t<div class=\"elementor-widget-wrap elementor-element-populated\">\n\t\t\t\t\t\t<div class=\"elementor-element elementor-element-6e6d747 elementor-widget elementor-widget-heading\" data-id=\"6e6d747\" data-element_type=\"widget\" data-e-type=\"widget\" data-widget_type=\"heading.default\">\n\t\t\t\t<div class=\"elementor-widget-container\">\n\t\t\t\t\t<h1 class=\"elementor-heading-title elementor-size-default\">Informaci\u00f3n legal - Empleos en Alemania (Impressum)<\/h1>\t\t\t\t<\/div>\n\t\t\t\t<\/div>\n\t\t\t\t<div class=\"elementor-element elementor-element-9fee340 elementor-widget elementor-widget-text-editor\" data-id=\"9fee340\" data-element_type=\"widget\" data-e-type=\"widget\" data-widget_type=\"text-editor.default\">\n\t\t\t\t<div class=\"elementor-widget-container\">\n\t\t\t\t\t\t\t\t\t<p><b>Informaci\u00f3n Legal &#8211; Impressum<\/b><\/p><p><b>Angaben gem\u00e4\u00df \u00a7 5 TMG<\/b><\/p>\n<p><span style=\"font-weight: 400;\">iFachkr\u00e4fte GmbH<\/span><\/p>\n<p><span style=\"font-weight: 400;\">Zur Halsbreche 15<\/span><\/p>\n<p><span style=\"font-weight: 400;\">04668 Grimma<\/span><\/p>\n<p><span style=\"font-weight: 400;\">Handelsregister: <\/span> <span style=\"font-weight: 400;\">41479<\/span><\/p>\n<p><span style=\"font-weight: 400;\">Registergericht: <\/span> <span style=\"font-weight: 400;\">Amtsgericht Leipzig<\/span><\/p>\n<p><span style=\"font-weight: 400;\">Vertreten durch:<\/span> <span style=\"font-weight: 400;\">Nancy Johanna Brandes<\/span><\/p>\n<p><span style=\"font-weight: 400;\">Kontakt:<\/span><\/p>\n<p><span style=\"font-weight: 400;\">Telefon: 015128789193<\/span><\/p>\n<p><span style=\"font-weight: 400;\">E-Mail: info@ifachkraefte.de<\/span><\/p>\t\t\t\t\t\t\t\t<\/div>\n\t\t\t\t<\/div>\n\t\t\t\t\t<\/div>\n\t\t<\/div>\n\t\t\t\t\t<\/div>\n\t\t<\/section>\n\t\t\t\t<\/div>\n\t\t","protected":false},"excerpt":{"rendered":"<p>Informaci\u00f3n legal &#8211; Empleos en Alemania (Impressum) Angaben gem\u00e4\u00df \u00a7 5 TMG iFachkr\u00e4fte GmbH Zur Halsbreche 15 04668 Grimma Handelsregister: 41479 Registergericht: Amtsgericht Leipzig Vertreten durch: Nancy Johanna Brandes Kontakt: Telefon: 015128789193 E-Mail: info@ifachkraefte.de<\/p>\n","protected":false},"author":3,"featured_media":0,"parent":0,"menu_order":0,"comment_status":"closed","ping_status":"closed","template":"elementor_header_footer","meta":{"footnotes":""},"class_list":["post-1413","page","type-page","status-publish","hentry"],"yoast_head":"<!-- This site is optimized with the Yoast SEO plugin v27.3 - https:\/\/yoast.com\/product\/yoast-seo-wordpress\/ -->\n<title>Informaci\u00f3n Legal - Empleos en Alemania<\/title>\n<meta name=\"description\" content=\"Informaci\u00f3n Legal - Empleos en Alemania - Encuentra un empleo en Alemania junto a iFachkr\u00e4fte y recibe acompa\u00f1amiento seguro y confiable.\" \/>\n<meta name=\"robots\" content=\"index, follow, max-snippet:-1, max-image-preview:large, max-video-preview:-1\" \/>\n<link rel=\"canonical\" href=\"https:\/\/ifachkraefte.com\/de\/informacion-legal\/\" \/>\n<meta property=\"og:locale\" content=\"de_DE\" \/>\n<meta property=\"og:type\" content=\"article\" \/>\n<meta property=\"og:title\" content=\"Informaci\u00f3n Legal - Empleos en Alemania\" \/>\n<meta property=\"og:description\" content=\"Informaci\u00f3n Legal - Empleos en Alemania - Encuentra un empleo en Alemania junto a iFachkr\u00e4fte y recibe acompa\u00f1amiento seguro y confiable.\" \/>\n<meta property=\"og:url\" content=\"https:\/\/ifachkraefte.com\/de\/informacion-legal\/\" \/>\n<meta property=\"og:site_name\" content=\"Ifachkraefte\" \/>\n<meta property=\"article:publisher\" content=\"https:\/\/www.facebook.com\/profile.php?id=100090124939732\" \/>\n<meta property=\"article:modified_time\" content=\"2023-11-14T16:28:17+00:00\" \/>\n<meta name=\"twitter:card\" content=\"summary_large_image\" \/>\n<meta name=\"twitter:label1\" content=\"Gesch\u00e4tzte Lesezeit\" \/>\n\t<meta name=\"twitter:data1\" content=\"1\u00a0Minute\" \/>\n<script type=\"application\/ld+json\" class=\"yoast-schema-graph\">{\"@context\":\"https:\\\/\\\/schema.org\",\"@graph\":[{\"@type\":\"WebPage\",\"@id\":\"https:\\\/\\\/ifachkraefte.com\\\/de\\\/informacion-legal\\\/\",\"url\":\"https:\\\/\\\/ifachkraefte.com\\\/de\\\/informacion-legal\\\/\",\"name\":\"Informaci\u00f3n Legal - Empleos en Alemania\",\"isPartOf\":{\"@id\":\"https:\\\/\\\/ifachkraefte.com\\\/#website\"},\"datePublished\":\"2023-05-10T16:55:57+00:00\",\"dateModified\":\"2023-11-14T16:28:17+00:00\",\"description\":\"Informaci\u00f3n Legal - Empleos en Alemania - Encuentra un empleo en Alemania junto a iFachkr\u00e4fte y recibe acompa\u00f1amiento seguro y confiable.\",\"breadcrumb\":{\"@id\":\"https:\\\/\\\/ifachkraefte.com\\\/de\\\/informacion-legal\\\/#breadcrumb\"},\"inLanguage\":\"de\",\"potentialAction\":[{\"@type\":\"ReadAction\",\"target\":[\"https:\\\/\\\/ifachkraefte.com\\\/de\\\/informacion-legal\\\/\"]}]},{\"@type\":\"BreadcrumbList\",\"@id\":\"https:\\\/\\\/ifachkraefte.com\\\/de\\\/informacion-legal\\\/#breadcrumb\",\"itemListElement\":[{\"@type\":\"ListItem\",\"position\":1,\"name\":\"Portada\",\"item\":\"https:\\\/\\\/ifachkraefte.com\\\/de\\\/\"},{\"@type\":\"ListItem\",\"position\":2,\"name\":\"Impressum\"}]},{\"@type\":\"WebSite\",\"@id\":\"https:\\\/\\\/ifachkraefte.com\\\/#website\",\"url\":\"https:\\\/\\\/ifachkraefte.com\\\/\",\"name\":\"Ifachkraefte\",\"description\":\"\",\"publisher\":{\"@id\":\"https:\\\/\\\/ifachkraefte.com\\\/#organization\"},\"potentialAction\":[{\"@type\":\"SearchAction\",\"target\":{\"@type\":\"EntryPoint\",\"urlTemplate\":\"https:\\\/\\\/ifachkraefte.com\\\/?s={search_term_string}\"},\"query-input\":{\"@type\":\"PropertyValueSpecification\",\"valueRequired\":true,\"valueName\":\"search_term_string\"}}],\"inLanguage\":\"de\"},{\"@type\":\"Organization\",\"@id\":\"https:\\\/\\\/ifachkraefte.com\\\/#organization\",\"name\":\"Ifachkraefte\",\"url\":\"https:\\\/\\\/ifachkraefte.com\\\/\",\"logo\":{\"@type\":\"ImageObject\",\"inLanguage\":\"de\",\"@id\":\"https:\\\/\\\/ifachkraefte.com\\\/#\\\/schema\\\/logo\\\/image\\\/\",\"url\":\"https:\\\/\\\/ifachkraefte.com\\\/wp-content\\\/uploads\\\/2023\\\/01\\\/Logo-\u2022-iFachkrafte-13-1-e1673631028921.png\",\"contentUrl\":\"https:\\\/\\\/ifachkraefte.com\\\/wp-content\\\/uploads\\\/2023\\\/01\\\/Logo-\u2022-iFachkrafte-13-1-e1673631028921.png\",\"width\":251,\"height\":68,\"caption\":\"Ifachkraefte\"},\"image\":{\"@id\":\"https:\\\/\\\/ifachkraefte.com\\\/#\\\/schema\\\/logo\\\/image\\\/\"},\"sameAs\":[\"https:\\\/\\\/www.facebook.com\\\/profile.php?id=100090124939732\",\"https:\\\/\\\/www.instagram.com\\\/ifachkraefte\\\/\"]}]}<\/script>\n<!-- \/ Yoast SEO plugin. -->","yoast_head_json":{"title":"Informaci\u00f3n Legal - Empleos en Alemania","description":"Informaci\u00f3n Legal - Empleos en Alemania - Encuentra un empleo en Alemania junto a iFachkr\u00e4fte y recibe acompa\u00f1amiento seguro y confiable.","robots":{"index":"index","follow":"follow","max-snippet":"max-snippet:-1","max-image-preview":"max-image-preview:large","max-video-preview":"max-video-preview:-1"},"canonical":"https:\/\/ifachkraefte.com\/de\/informacion-legal\/","og_locale":"de_DE","og_type":"article","og_title":"Informaci\u00f3n Legal - Empleos en Alemania","og_description":"Informaci\u00f3n Legal - Empleos en Alemania - Encuentra un empleo en Alemania junto a iFachkr\u00e4fte y recibe acompa\u00f1amiento seguro y confiable.","og_url":"https:\/\/ifachkraefte.com\/de\/informacion-legal\/","og_site_name":"Ifachkraefte","article_publisher":"https:\/\/www.facebook.com\/profile.php?id=100090124939732","article_modified_time":"2023-11-14T16:28:17+00:00","twitter_card":"summary_large_image","twitter_misc":{"Gesch\u00e4tzte Lesezeit":"1\u00a0Minute"},"schema":{"@context":"https:\/\/schema.org","@graph":[{"@type":"WebPage","@id":"https:\/\/ifachkraefte.com\/de\/informacion-legal\/","url":"https:\/\/ifachkraefte.com\/de\/informacion-legal\/","name":"Informaci\u00f3n Legal - Empleos en Alemania","isPartOf":{"@id":"https:\/\/ifachkraefte.com\/#website"},"datePublished":"2023-05-10T16:55:57+00:00","dateModified":"2023-11-14T16:28:17+00:00","description":"Informaci\u00f3n Legal - Empleos en Alemania - Encuentra un empleo en Alemania junto a iFachkr\u00e4fte y recibe acompa\u00f1amiento seguro y confiable.","breadcrumb":{"@id":"https:\/\/ifachkraefte.com\/de\/informacion-legal\/#breadcrumb"},"inLanguage":"de","potentialAction":[{"@type":"ReadAction","target":["https:\/\/ifachkraefte.com\/de\/informacion-legal\/"]}]},{"@type":"BreadcrumbList","@id":"https:\/\/ifachkraefte.com\/de\/informacion-legal\/#breadcrumb","itemListElement":[{"@type":"ListItem","position":1,"name":"Portada","item":"https:\/\/ifachkraefte.com\/de\/"},{"@type":"ListItem","position":2,"name":"Impressum"}]},{"@type":"WebSite","@id":"https:\/\/ifachkraefte.com\/#website","url":"https:\/\/ifachkraefte.com\/","name":"Ifachkraefte","description":"","publisher":{"@id":"https:\/\/ifachkraefte.com\/#organization"},"potentialAction":[{"@type":"SearchAction","target":{"@type":"EntryPoint","urlTemplate":"https:\/\/ifachkraefte.com\/?s={search_term_string}"},"query-input":{"@type":"PropertyValueSpecification","valueRequired":true,"valueName":"search_term_string"}}],"inLanguage":"de"},{"@type":"Organization","@id":"https:\/\/ifachkraefte.com\/#organization","name":"Ifachkraefte","url":"https:\/\/ifachkraefte.com\/","logo":{"@type":"ImageObject","inLanguage":"de","@id":"https:\/\/ifachkraefte.com\/#\/schema\/logo\/image\/","url":"https:\/\/ifachkraefte.com\/wp-content\/uploads\/2023\/01\/Logo-\u2022-iFachkrafte-13-1-e1673631028921.png","contentUrl":"https:\/\/ifachkraefte.com\/wp-content\/uploads\/2023\/01\/Logo-\u2022-iFachkrafte-13-1-e1673631028921.png","width":251,"height":68,"caption":"Ifachkraefte"},"image":{"@id":"https:\/\/ifachkraefte.com\/#\/schema\/logo\/image\/"},"sameAs":["https:\/\/www.facebook.com\/profile.php?id=100090124939732","https:\/\/www.instagram.com\/ifachkraefte\/"]}]}},"_links":{"self":[{"href":"https:\/\/ifachkraefte.com\/de\/wp-json\/wp\/v2\/pages\/1413","targetHints":{"allow":["GET"]}}],"collection":[{"href":"https:\/\/ifachkraefte.com\/de\/wp-json\/wp\/v2\/pages"}],"about":[{"href":"https:\/\/ifachkraefte.com\/de\/wp-json\/wp\/v2\/types\/page"}],"author":[{"embeddable":true,"href":"https:\/\/ifachkraefte.com\/de\/wp-json\/wp\/v2\/users\/3"}],"replies":[{"embeddable":true,"href":"https:\/\/ifachkraefte.com\/de\/wp-json\/wp\/v2\/comments?post=1413"}],"version-history":[{"count":9,"href":"https:\/\/ifachkraefte.com\/de\/wp-json\/wp\/v2\/pages\/1413\/revisions"}],"predecessor-version":[{"id":2343,"href":"https:\/\/ifachkraefte.com\/de\/wp-json\/wp\/v2\/pages\/1413\/revisions\/2343"}],"wp:attachment":[{"href":"https:\/\/ifachkraefte.com\/de\/wp-json\/wp\/v2\/media?parent=1413"}],"curies":[{"name":"wp","href":"https:\/\/api.w.org\/{rel}","templated":true}]}}